{"id":220,"date":"2023-09-14T15:33:03","date_gmt":"2023-09-14T15:33:03","guid":{"rendered":"https:\/\/tantra-in-bielefeld.de\/?page_id=220"},"modified":"2023-09-14T15:33:03","modified_gmt":"2023-09-14T15:33:03","slug":"erfahrungen","status":"publish","type":"page","link":"https:\/\/tantra-in-bielefeld.de\/?page_id=220","title":{"rendered":"Erfahrungen"},"content":{"rendered":"\n<p><\/p>\n\n\n\n<p><\/p>\n\n\n\n<p><strong>Shakti P. aus Hannover:<\/strong><\/p>\n\n\n\n<p>Grunds\u00e4tzlich hat es mir total gut gefallen &#8211; will sagen: Ich bin begeistert!<br>Was Du gesagt hast, kam mir gar nicht albern oder merkw\u00fcrdig vor. Insbesondere w\u00e4hrend der Massage hast Du mich total eingefangen und ich bin einfach mit Dir mitgegangen &#8211; und das war gut!<br>Was Du nicht gefragt hast, aber am Meisten nachwirkt, ist, dass ich wahnsinnig stimuliert bin [&#8230;] und f\u00fchle mich insgesamt wacher und lebendiger!<br>Am Montagabend und Dienstagmorgen dachte ich, ich kann noch nie in meinem Leben Verspannungen gehabt haben, so &#8220;fl\u00fcssig&#8221; war alles &#8230;. ab Dienstag mittags hatte ich Muskelkater &#8211; obwohl Du mich ja nicht &#8220;durchgeknetet&#8221; hast &#8230;.<br>Am wenigsten hat mr an der Massage gefallen, wenn Du den K\u00f6rperkontakt beendet hast &#8230; also jeder Griff nach dem \u00d6l oder ein Positionswechsel. Das habe ich, h\u00f6rt sich vielleicht doof an, als Verlust erlebt. [&#8230;]<br>Was Du unter der Massage erz\u00e4hlt hast fand ich super &#8211; wie gesagt, ich konnte Dir gut folgen und hab mich eingefangen, aufgehoben gef\u00fchlt.<br>[&#8230;]<br><br><\/p>\n\n\n\n<p><strong>Shakti B. aus Hameln:<\/strong><\/p>\n\n\n\n<p><em>Was hat Dir an der Massage besonders gut gefallen?<\/em><br>Die Temperatur vom \u00d6l war herrlich passend.<br>Ich konnte weitestgehend abschalten und mich sehr gut auf die Ber\u00fchrungen konzentrieren. Durch das gemeinsame ein- und ausatmen f\u00fchlte ich mich durchaus verbunden und im Einklang mit dir und der Welt um mich herum.<br><br><\/p>\n\n\n\n<p><em>Was hat Dir am wenigsten bei der Massage gefallen?<\/em><br>&#8211; ich wei\u00df nicht mehr an welchem Punkt genau das war, aber kurzeitig hab ich mal gedacht du erkl\u00e4rst nebenher ein kleines bisschen zu viel&#8230;<br>[&#8230;]<br><em>Kam Dir eines der Rituale bzw. etwas das ich erz\u00e4hlt habe, albern oder merkw\u00fcrdig vor?<\/em><br>-eigentlich nicht ich w\u00fcrde eher sagen, neu und ungewohnt, da ich mich mit der Materie noch nicht wirklich auseinandergesetzt hab&#8230; wobei ich doch weniger glaube das mich irgendetwas mit G\u00f6ttern verbindet.<br>[&#8230;]<br>Ist mir jetzt nicht ganz leicht gefallen das alles in Worte zu fassen. Manche Gef\u00fchle, die sich w\u00e4hrend der Massage ergeben haben, lassen sich f\u00fcr mich nicht in Worte fassen. Aber es war auf jeden Fall eine wunderbare Erfahrung.<br>Daf\u00fcr vielen Dank&#8230;.<br><br><\/p>\n\n\n\n<p><strong>Shakti S. aus M\u00fcnster:<\/strong><\/p>\n\n\n\n<p>Zu deinen Fragen&#8230;<\/p>\n\n\n\n<p>Gut gefallen hat mir, dass du das ganze sehr professionell angehst, [&#8230;]<\/p>\n\n\n\n<p>Komisch fand ich eigentlich nichts, au\u00dfer vielleicht das lange Angucken zwischendurch.<\/p>\n\n\n\n<p>Der Massageraum ist OK, vielleicht noch ein oder zwei Gr\u00fcnpflanzen, oder waren die da und ich wei\u00df es nicht mehr? \ud83d\ude09<\/p>\n\n\n\n<p><\/p>\n\n\n\n<p><strong>Shiva D. aus Oerlinghausen:<\/strong><\/p>\n\n\n\n<p>Zu Deinen Fragen gebe ich Dir gern ein Feedback<br><em>Was hat Dir an der Massage besonders gut gefallen?<\/em><br>Ich pers\u00f6nlich mag diese sinnlichen und sanften Ber\u00fchrungen. Ich kann mir auch stundenlang den R\u00fccken kraulen lassen. Also ich fand\u00b4s toll.<br>[&#8230;]<br><br><em>Was k\u00f6nnte ich oder sollte ich besser machen?<\/em><br>Olfaktorisches Ambiente herstellen &#8211; also Riechempfinden der indischen Kultur anpassen, evtl. R\u00e4ucherst\u00e4bchen oder Verdampfer mit \u00e4therischen \u00d6len. Ebenso kannst Du ja mal schauen, ob Du auch klassische indische Musik bekommst. Die Relax-Music war schon super, aber es gibt da sicher auch was &#8220;indischeres&#8221;<br><br><em>Kam Dir eines der Rituale bzw. etwas das ich erz\u00e4hlt habe, albern oder merkw\u00fcrdig vor?<\/em><br>Nein &#8211; Du hast Dich sehr gut in die Materie eingearbeitet. Du hast klar gestellt, auch wenn es bei der Massage um Lustgewinn und Sinnlichkeit geht, es nicht [\u2026] um Sex geht. Viele die Tantra &#8220;anbieten&#8221; machen das ja nur, um mit dem Nehmenden dabei oder danach Sex zu haben. Also handelt der Gebende eigentlich auch nur als Nehmender, denn er will ja eine Gegenleistung [&#8230;]. Diesem Vorurteil wirst Du oft begegnen, [\u2026] Daher war es gut, dass Du betont hast, dass es eben nicht um Sex und deinen Lustgewinn geht, sondern um Sinnlichkeit und Lustgewinn des Nehmenden. So etwas nennt man PROFESSIONALIT\u00c4T.<br>Das gemeinsame Atmen war zun\u00e4chst etwas merkw\u00fcrdig, aber man muss sich eben auch mal auf Neues einlassen und genie\u00dfen k\u00f6nnen. Das kann man(n) (und Frau sowieso nur), wenn Sie total entspannt [&#8230;]<br>Ich pers\u00f6nlich lasse mich lieber von einem Mann massieren &#8211; Frauen machen das mehr mit Kraft und haben kleiner H\u00e4nde. M\u00e4nner (Masseure) haben meist feinere, gr\u00f6\u00dfere H\u00e4nde und k\u00f6nnen die Kraft besser verteilen. Hatte schon viele echte Massagen in meinem Leben, aber die der M\u00e4nner waren immer besser (aus medizinischer Sicht).<br><br>So &#8211; ich hoffe, dass Dir das Feedback was gebracht hat.<br><br><\/p>\n\n\n\n<p><strong>Shakti S. auf HF:<\/strong><\/p>\n\n\n\n<p>Hallo Alexander,<br>hier mal meine Antworten:<br><em>Was hat Dir an der Massage besonders gut gefallen?<\/em><br>Das sie so sch\u00f6n lange gedauert hat, dass jeder Zentimeter meines K\u00f6rpers massiert wurde und der Hautkontakt mit dem Masseur war auch sehr sch\u00f6n.<br><br><em>Was hat Dir am wenigsten bei der Massage gefallen?<\/em><br>Da mir f\u00e4llt nichts ein.<br>[&#8230;]<br><\/p>\n\n\n\n<p><em>Kam Dir eines der Rituale bzw. etwas das ich erz\u00e4hlt habe, albern oder merkw\u00fcrdig vor?<\/em><\/p>\n\n\n\n<p>Das &#8220;gemeinsame Atmen&#8221; war f\u00fcr mich ungewohnt und mir erschlie\u00dft sich der Sinn im Zusammenhang mit der Massage nicht so richtig. Aber albern oder merkw\u00fcrdig war nichts.<br><br><em>Wie hat Dir der Massageraum gefallen und was w\u00fcrdest Du an dem Raum noch weiter verbessern\/versch\u00f6nern?<\/em><\/p>\n\n\n\n<p>Den Raum hast du sch\u00f6n hergerichtet, den musst du nicht verbessern, evtl. noch ein paar Duftkerzen w\u00e4ren vielleicht ganz sch\u00f6n.<br>[&#8230;]<br>Als Fazit w\u00fcrde ich sagen: Ich habe mich bei dir sehr wohl gef\u00fchlt und die Massage richtig genossen, f\u00fcr mich war es ein sehr gelungener Nachmittag!<br><br><\/p>\n\n\n\n<p><strong>Shiva S. aus Bielefeld:<\/strong> (Partner von Shakti K.)<\/p>\n\n\n\n<p>Hallo Heinz Alexander,<\/p>\n\n\n\n<p>[&#8230;]<\/p>\n\n\n\n<p>Meine Eindr\u00fccke:<\/p>\n\n\n\n<p>Du bist kein Spinner und auch keine optische und\/oder intellektuelle Katastrophe. Im Gegenteil.<\/p>\n\n\n\n<p>Du bist recht sympathisch und wohnst auf diesem Planeten.Du bist bei dem Gespr\u00e4ch, und soweit ich das sehen konnte, bei der Massage, sehr geplant und strukturiert vorgegangen.<\/p>\n\n\n\n<p>Deine Zettel fand ich gut, das zeigte mir zwar, dass du das nicht aus dem \u00c4rmel sch\u00fcttelst aber dir wirklich Gedanken dazu gemacht hast.<\/p>\n\n\n\n<p>Inhaltlich war es mir ein bisschen viel wer welcher Gott ist und warum etc. Es h\u00e4tte mir pers\u00f6nlich gereicht, dass es es sich um eine alte Mythologie handelt, bei der es nicht um Verzicht, sondern um Genuss geht. Vielleicht nicht ganz so knapp, wie hier geschrieben. Vielmehr hat mich interessiert, welchen Ablauf das Ritual in unterschiedlichen Ebenen haben kann. Dass diese Ebenen flie\u00dfend sind und nur insoweit vordefiniert sein sollten, dass eine absolute Grenze gesetzt ist, sofern vorhanden.<\/p>\n\n\n\n<p>Gerne h\u00e4tte ich im Gespr\u00e4ch erfahren, wie das Ritual von statten geht: Wird nur mit den H\u00e4nden ber\u00fchrt und auch mit dem K\u00f6rper? Bleibt die Dame v\u00f6llig passiv liegen, oder werden auch andere K\u00f6rperhaltungen eingeflochten. Ist eine Ber\u00fchrung der Intimzone, sofern es sich nicht um eine Yoni-Massage handelt, ausgeschlossen? [&#8230;]<\/p>\n\n\n\n<p>Ich habe dich als etwas aufgeregt empfunden. Das ist positiv und negativ:<\/p>\n\n\n\n<p>Einerseits ist es f\u00fcr mich Normalit\u00e4t, dass M\u00e4nner, die sich mit K. besch\u00e4ftigen (Tanz, Unterhaltung, Massage, etc.) mich als eine Art Bedrohung empfinden. Deine Unsicherheit hat mir aber auch das Gef\u00fchl gegeben, dass ich mir um meine Liebste keine Sorgen machen muss.<\/p>\n\n\n\n<p>[&#8230;]<\/p>\n\n\n\n<p>Nach dem Besuch bei dir, war K. supergut gelaunt [\u2026] Insgesamt habe ich den Abend als stimmig und sch\u00f6n f\u00fcr K. wahrgenommen. Und das ist das Wichtigste.<\/p>\n\n\n\n<p><strong>Shakti H. aus Kohlst\u00e4dt:<\/strong><\/p>\n\n\n\n<p>Namaste!<br>Montagabend ist eine sehr gute Zeit daf\u00fcr, also tue ich das gerne sofort \ud83d\ude42<\/p>\n\n\n\n<p><em><br>Was hat Dir an der Massage besonders gut gefallen?<\/em><\/p>\n\n\n\n<p>Ich liste mal auf, die Reihenfolge ist aber keine Wertung \ud83d\ude42<br>&#8211; Ber\u00fchrungen, die neu waren (ET-Finger und erotische Ohren) \ud83d\ude42<br>&#8211; die Einbeziehung des (fast) ganzen K\u00f6rpers mit klarer Richtung und gleichm\u00e4\u00dfiger Gewichtung<br>&#8211; die nat\u00fcrliche Nacktheit, die Erotik ausdr\u00fccklich erlaubt, aber nicht erzwingt<br>&#8211; ebenso die Art der Ber\u00fchrung, die Energie weckt und nicht von au\u00dfen hineinbringt<br>&#8211; die Ruhe und Zeit daf\u00fcr (war sehr viel, oder? Lag das an mir?) \ud83d\ude42<br>&#8211; die Deutlichkeit der Unterschiede zwischen schon ber\u00fchrtem Bein\/Arm und unber\u00fchrtem<br>&#8211; das liebe- und lustvolle Gef\u00fchl in mir (gestern, heute&#8230;), Sicherheit, Vertrauen \ud83d\ude42 Das habe ich sonst durchaus immer wieder, aber es ist jetzt gerade schon sehr stark.<\/p>\n\n\n\n<p>[&#8230;]<\/p>\n\n\n\n<p><br><em>Was k\u00f6nnte ich oder sollte ich besser machen?<\/em><\/p>\n\n\n\n<p>Ich hatte das Gef\u00fchl, dass Deine Pr\u00e4senz in der Ber\u00fchrung unterschiedlich stark war. F\u00fcr mich w\u00e4re gleich zu Beginn mehr davon sch\u00f6n gewesen, aber das ist nur eine Nuance und vermutlich nicht \u00fcbertragbar \ud83d\ude42<\/p>\n\n\n\n<p><br><em>Kam Dir eines der Rituale bzw. etwas das ich erz\u00e4hlt habe, albern oder merkw\u00fcrdig vor?<\/em><\/p>\n\n\n\n<p>Nein!<\/p>\n\n\n\n<p>[&#8230;]<\/p>\n\n\n\n<p><strong>Shakti B. aus Schlo\u00df-Holte:<\/strong><\/p>\n\n\n\n<p>Hallo Alexander,<\/p>\n\n\n\n<p>jetzt werde ich Dir endlich berichten wie es mir bei Dir gefallen hat:<br>Dein Massageraum ist sehr nett und mit viel Liebe eingerichtet.<br>Deine Massage war sehr angenehm, nur mit meiner Entspannung war es nicht so weit her, wie Du selbst bemerkt hast.<br>Ob Du etwas \u00e4ndern oder besser machen k\u00f6nntest, solltest du besser jemand fragen der schon erfahrener ist, mit den Massagen.<br>Es hat mir bei Dir sehr gut gefallen und wenn ich darf und es Dir nicht zu viel Arbeit ist (weil ich ja mit ein wenig mehr K\u00f6rper) komme,w\u00fcrde ich mich freuen.<br>Nun w\u00fcnsche ich Dir noch frohe Ostern und bis Bald mal.<br><br><\/p>\n\n\n\n<p><strong>Shakti S. aus Osnabr\u00fcck:<\/strong><\/p>\n\n\n\n<p>Hallo Alexander!<\/p>\n\n\n\n<p>Das Wetter ist momentan an der Mosel nicht so toll aber hier geht&#8217;s ja auch ums trinken.<\/p>\n\n\n\n<p>Also ich versuche mal n\u00fcchtern noch deine Fragen zu beantworten.<\/p>\n\n\n\n<p>Gut gefallen hat mir die Brust Massage [&#8230;], wahrscheinlich weil es ziemlich neu f\u00fcr mich war und somit aufregend. Was mich etwas gest\u00f6rt hat war die Atemtechnik, das hat mich etwas abgelenkt von der Entspannung. Ich fand sonst alles gut.<\/p>\n\n\n\n<p><strong>Shakti K. aus Halle:<\/strong><\/p>\n\n\n\n<p>Hallo und Namaste Alexander!<\/p>\n\n\n\n<p>Ich nehme mir jetzt mal die Zeit, um deine Fragen zu beantworten.<\/p>\n\n\n\n<p>Besonders gut hat mir Folgendes gefallen:<\/p>\n\n\n\n<p>Durch die entspannte und warme Atmosph\u00e4re in deinem Massageraum konnte ich komplett loslassen, mich fallen lassen, die Zeit vergessen. W\u00e4hrend der Massage hatte ich das Gef\u00fchl, immer nur aus dem K\u00f6rperteil zu bestehen, dem du dich gerade gewidmet hast. Ich wei\u00df nicht, wie ich das anders ausdr\u00fccken soll.<\/p>\n\n\n\n<p>Was mir am wenigsten gefallen hat? Dass es so schnell vorbei war.<\/p>\n\n\n\n<p>Was du besser oder anders machen solltest? Ich werde mir nicht anma\u00dfen, dir zu sagen, was du besser machen sollst. Dazu habe ich zu wenig Ahnung von der Tantra-Massage. Aber wenn ich einen Wunsch \u00e4u\u00dfern darf, die sechs Schmetterlinge k\u00f6nnten ruhig l\u00e4nger dauern.<\/p>\n\n\n\n<p>Die Rituale w\u00e4hrend der Massage fand ich sehr passend. Und albern kam mir gar nichts vor. Durch das gemeinsame atmen am Anfang und zwischendurch hab ich mich sehr geborgen und aufgefangen gef\u00fchlt.<\/p>\n\n\n\n<p>Der Massageraum gef\u00e4llt mir so wie er ist sehr gut. Nur die Matte k\u00f6nnte etwas breiter sein, damit du es auch bequem hast. Und vielleicht mehr Kerzen. Ich liebe Kerzen.<\/p>\n\n\n\n<p>[&#8230;]<\/p>\n\n\n\n<p>Alles in allem war es eine \u00e4u\u00dferst angenehme und aufschlussreiche Erfahrung und ich w\u00fcrde gern mehr von dir \u00fcber Tantra und diese Art der Massage lernen.<\/p>\n\n\n\n<p><strong>Shakti S. aus Bielefeld-Stieghorst:<\/strong><\/p>\n\n\n\n<p>Hallo Alexander,<\/p>\n\n\n\n<p>ich m\u00f6chte mich noch mal ganz herzlich bedanken f\u00fcr diese wundervolle Erfahrung!<\/p>\n\n\n\n<p>Tats\u00e4chlich klingt das Ritual noch immer in mir nach&#8230; Ich f\u00fchle mich seitdem so sinnlich, locker und beschwingt.<\/p>\n\n\n\n<p>Besonders toll fand ich, dass Du so r\u00fccksichtsvoll und empathisch warst. Ich habe mich vom ersten Moment an bei Dir wohl gef\u00fchlt &#8211; und das obwohl ich doch ziemlich aufgeregt war. \ud83d\ude09<\/p>\n\n\n\n<p>Du strahlst Vertrauen und Sympathie aus &#8211; deshalb konnte ich mich wirklich fallen lassen.<\/p>\n\n\n\n<p>Als Du mit Deinem offenen L\u00e4cheln die T\u00fcr ge\u00f6ffnet hast f\u00fchlte ich mich gleich gut aufgehoben.<\/p>\n\n\n\n<p>Und dieser Duft an Dir&#8230; der war so toll frisch und belebend &#8211; einfach wunderbar!<\/p>\n\n\n\n<p>Interessant fand ich auch, dass ich irgendwann gar kein Zeitgef\u00fchl mehr hatte. Es war wie ein Ausflug in eine andere Welt &#8211; eine andere Sph\u00e4re&#8230; Genau das, was ich f\u00fcr mich gesucht habe,[&#8230;].<\/p>\n\n\n\n<p>Das war eine \u00dcberwindung f\u00fcr mich &#8211; und ich war auch etwas erschreckt von mir selbst.<\/p>\n\n\n\n<p>Aber Du warst so vorsichtig, ich habe mich in keinster Weise unwohl gef\u00fchlt oder zu etwas gedr\u00e4ngt, das ich eigentlich nicht m\u00f6chte. Danke, dass Du Dir so viel Zeit genommen hast f\u00fcr mich!<\/p>\n\n\n\n<p>Du hast schon recht, gleich mehrere Stunden daf\u00fcr anzusetzen.<\/p>\n\n\n\n<p>[&#8230;]<\/p>\n\n\n\n<p>Du hast das so wunderbar gemacht! Ich danke Dir so daf\u00fcr!<\/p>\n\n\n\n<p>Also wenn es Dir recht ist komme ich sehr gerne bald wieder. [&#8230;]<\/p>\n\n\n\n<p>Ich lasse das sch\u00f6ne Erlebnis noch ein bisschen mehr nachklingen und melde mich dann in ein paar Wochen bei Dir.<\/p>\n\n\n\n<p>Jetzt beginnt bei meiner Arbeitsstelle leider eine hei\u00dfe Zeit mit viel Stress und \u00dcberstunden.<\/p>\n\n\n\n<p>Da kann ich das &#8220;Nachklingen&#8221; mit der neu gewonnenen &#8220;Gechilltheit&#8221; (Keine Ahnung wie ich das sonst nennen soll) sehr gut gebrauchen! [&#8230;]<\/p>\n\n\n\n<p>Also noch mal kurz zu Deinen Fragen:<\/p>\n\n\n\n<p>Was hat mir an der Massage besonders gut gefallen? Deine Empathie und dass ich Dir so vertrauen konnte. So konnte ich mich richtig fallen lassen.<br><br>Was hat mir am wenigsten bei der Massage gefallen?<\/p>\n\n\n\n<p>Also, nee, da kann ich nur sagen, dass der Raum etwas w\u00e4rmer h\u00e4tte sein k\u00f6nnen \ud83d\ude09<\/p>\n\n\n\n<p>Aber das wei\u00dft Du ja schon! Und es war auch echt OK! Nur gem\u00fctlicher w\u00e4re es schon gewesen \ud83d\ude09<br><br>Was k\u00f6nntest oder solltest Du besser machen?<\/p>\n\n\n\n<p>Nix! Mach alles Genau so! Perfekt! Bin sooooooo begeistert!<br><br>Kam mir eines der Rituale albern oder merkw\u00fcrdig vor?<\/p>\n\n\n\n<p>Nein gar nicht! Ich habe mir sogar vorgenommen, das mit dem Reinatmen in die Farben der Chakren noch etwas mehr zu \u00fcben. Muss nur mal die CD suchen.<br><br>Wie hat mir der Massageraum gefallen und was w\u00fcrde ich an dem Raum noch weiter verbessern\/versch\u00f6nern?<\/p>\n\n\n\n<p>Supergem\u00fctlich! Ein Raum zum Wohlf\u00fchlen und entspannen&#8230; und mehr&#8230; \ud83d\ude09<\/p>\n\n\n\n<p>Daumen hoch! Wenn er dann noch etwas w\u00e4rmer w\u00e4re &#8211; 100 Punkte<br>[&#8230;]<br>Ich danke Dir f\u00fcr das unvergessliche wunderbare Erlebnis!<\/p>\n\n\n\n<p>Ganz lieben Gru\u00df \u00fcber\u00b4n Berg in Deine gem\u00fctliche Oase der Ruhe, Entspannung, Sinnlichkeit, des Wohlbefindens und der neuen Erfahrung der Ausgelassenheit. [\u2026]<\/p>\n\n\n\n<p><strong>Shakti P. aus Minden:<\/strong><\/p>\n\n\n\n<p>Lieber Alexander,<\/p>\n\n\n\n<p>die Massage war wirklich toll. Ich bin ein Fan geworden.Ich konnte mich vollst\u00e4ndig entspannen.<\/p>\n\n\n\n<p>Ich war erstaunt, dass ich mich so auf die f\u00fcr mich v\u00f6llig unbekannte Situation einlassen konnte.<\/p>\n\n\n\n<p>[&#8230;]<\/p>\n\n\n\n<p>Die Atem\u00fcbungen kamen mir \u00fcberhaupt nicht merkw\u00fcrdig vor. Ich wei\u00df, wie wichtig der Atem ist und das man mit der richtigen Atemtechnik auch seine Gef\u00fchle beeinflusst. Die Zeit des gemeinsamen Atmens h\u00e4tte vielleicht etwas l\u00e4nger sein k\u00f6nnen, um wirklich in einen gemeinsamen Rhythmus zu kommen.<\/p>\n\n\n\n<p>Da ich mich schon ein wenig eingelesen hatte, kamen mir Deine Ausf\u00fchrungen zu den Energiezentren \u00fcberhaupt nicht komisch vor. Allerdings ist es f\u00fcr mich einfacher, die Chakren als &#8220;Bildsprache&#8221; einer vorwissenschaftlichen Zeit zu begreifen. Vor dem Jahrtausende alten Erfahrungswissen habe ich gro\u00dfen Respekt.<\/p>\n\n\n\n<p>Ich bin eine Freundin der reduzierten Dekoration. Mit weniger Dekoration, insbesondere weniger Bildern an der Wand h\u00e4tte ich noch mehr Ruhe versp\u00fcrt. Die Beleuchtung (LED-Farbwechsler) h\u00e4tte f\u00fcr meinen Geschmack ruhig in die Mitte gekonnt. Die Lichteffekte fand ich sch\u00f6n.<\/p>\n\n\n\n<p>Ich fand, dass Du angenehm behutsam mit meinen Br\u00fcsten [&#8230;] umgegangen bist. Das war nat\u00fcrlich auch ziemlich erotisch, wenigstens f\u00fcr mich.<\/p>\n\n\n\n<p>[&#8230;]<\/p>\n\n\n\n<p>Darf ich mal wieder kommen?<\/p>\n\n\n\n<p><strong>Shakti E. aus Bielefeld:<\/strong><\/p>\n\n\n\n<p>Die Massage hat mir sehr gefallen. vor allem, dass ich mich frei f\u00fchlte, ich MUSSTE nichts machen, was mir nicht gefiel&#8230; das hat mich sehr befreit. Mir haben die z\u00e4rtlichen Ber\u00fchrungen gefallen, [&#8230;] so z\u00e4rtlich, einf\u00fchlsam dort ber\u00fchrt zu werden, ohne eine Gegenleistung machen zu M\u00dcSSEN, das fand ich sehr sehr gut.<\/p>\n\n\n\n<p>Ich fand es gut, still zu liegen und zu genie\u00dfen und jede Bewegung zu verinnerlichen.<\/p>\n\n\n\n<p>Was ich nicht unbedingt f\u00fcr mich n\u00f6tig fand, war das Atmen, aber wenn das zum Ritual geh\u00f6rt, mache ich das dann gerne.<\/p>\n\n\n\n<p><strong>Shiva A. und Shakti A. aus Detmold:<\/strong><\/p>\n\n\n\n<p>Hallo Alexander,<br>Du hattest uns vor einigen Tagen eine E-Mail gesendet. Wir waren im Urlaub und sind nun wieder in Detmold. Zur Zeit ist meine Tochter bei uns und wir sind nicht immer ungest\u00f6rt.<br>Mir hat an deiner\/eurer Massage alles gefallen. Ich habe mich sehr wohl gef\u00fchlt, die Zeit flog nur so dahin. Ich konnte abschalten und entspannen.<br>Die R\u00e4umlichkeit f\u00fcr die Massage fand ich v\u00f6llig in Ordnung.<br>Was die Theorie im Vorfeld betrifft, hast du mir einen kurzen Einblick gegeben was Tantra ist und welche Sinne dadurch mobilisiert werden.<br>Mir war dies fremd und ich habe nicht alles behalten.<br>Wir m\u00f6chten gerne wieder zu dir kommen, wenn du magst.<br>Ich w\u00fcnsche dir einen sch\u00f6nen Abend.<br><br><\/p>\n","protected":false},"excerpt":{"rendered":"<p>Shakti P. aus Hannover: Grunds\u00e4tzlich hat es mir total gut gefallen &#8211; will sagen: Ich bin begeistert!Was Du gesagt hast, kam mir gar nicht albern oder merkw\u00fcrdig vor. Insbesondere w\u00e4hrend der Massage hast Du mich total eingefangen und ich bin einfach mit Dir mitgegangen &#8211; und das war gut!Was Du nicht gefragt hast, aber am&hellip;&nbsp;<a href=\"https:\/\/tantra-in-bielefeld.de\/?page_id=220\" class=\"\" rel=\"bookmark\">Read More &raquo;<span class=\"screen-reader-text\">Erfahrungen<\/span><\/a><\/p>\n","protected":false},"author":1,"featured_media":0,"parent":0,"menu_order":0,"comment_status":"closed","ping_status":"closed","template":"","meta":{"neve_meta_sidebar":"","neve_meta_container":"","neve_meta_enable_content_width":"","neve_meta_content_width":0,"neve_meta_title_alignment":"","neve_meta_author_avatar":"","neve_post_elements_order":"","neve_meta_disable_header":"","neve_meta_disable_footer":"","neve_meta_disable_title":"","_themeisle_gutenberg_block_has_review":false,"footnotes":""},"class_list":["post-220","page","type-page","status-publish","hentry"],"_links":{"self":[{"href":"https:\/\/tantra-in-bielefeld.de\/index.php?rest_route=\/wp\/v2\/pages\/220","targetHints":{"allow":["GET"]}}],"collection":[{"href":"https:\/\/tantra-in-bielefeld.de\/index.php?rest_route=\/wp\/v2\/pages"}],"about":[{"href":"https:\/\/tantra-in-bielefeld.de\/index.php?rest_route=\/wp\/v2\/types\/page"}],"author":[{"embeddable":true,"href":"https:\/\/tantra-in-bielefeld.de\/index.php?rest_route=\/wp\/v2\/users\/1"}],"replies":[{"embeddable":true,"href":"https:\/\/tantra-in-bielefeld.de\/index.php?rest_route=%2Fwp%2Fv2%2Fcomments&post=220"}],"version-history":[{"count":1,"href":"https:\/\/tantra-in-bielefeld.de\/index.php?rest_route=\/wp\/v2\/pages\/220\/revisions"}],"predecessor-version":[{"id":221,"href":"https:\/\/tantra-in-bielefeld.de\/index.php?rest_route=\/wp\/v2\/pages\/220\/revisions\/221"}],"wp:attachment":[{"href":"https:\/\/tantra-in-bielefeld.de\/index.php?rest_route=%2Fwp%2Fv2%2Fmedia&parent=220"}],"curies":[{"name":"wp","href":"https:\/\/api.w.org\/{rel}","templated":true}]}}